{"id":1595,"date":"2020-09-15T09:21:04","date_gmt":"2020-09-15T07:21:04","guid":{"rendered":"https:\/\/kreislerfrankfurt.de\/datenschutzerklaerung\/"},"modified":"2026-05-11T12:53:28","modified_gmt":"2026-05-11T10:53:28","slug":"privacy-notice","status":"publish","type":"page","link":"https:\/\/kreislerfrankfurt.de\/en\/privacy-notice\/","title":{"rendered":"Privacy Notice"},"content":{"rendered":"<div class=\"wpb-content-wrapper\"><p>[vc_row columns_gap=\u201e60\u201c][vc_column width=\u201e2\/3\u201c]<\/p><h2 class=\"grve-element grve-title grve-align-left grve-h2\" style><span><span style=\"color: #86a58c;\">Datenschutzerkl\u00e4rung<\/span><\/span><\/h2><div class=\"grve-empty-space grve-height-1x\" style><\/div>[vc_column_text css=\u201e\u201c]Wir freuen uns \u00fcber Ihren Besuch auf unserer Webseite. Nachfolgend m\u00f6chten wir Sie \u00fcber den Umgang mit Ihren Daten gem. Art. 13 Daten\u00adschutz-Grund\u00adver\u00adordnung (DSGVO) informieren.\n<h3>Verantwortlicher<\/h3>\n<p>Verant\u00adwortlich f\u00fcr die nachfolgend darge\u00adstellten Daten\u00adver\u00adar\u00adbei\u00adtungen ist die im Impressum genannte Stelle.<\/p>\n<h3>Nutzungsdaten<\/h3>\n<p>Wenn Sie unsere Webseiten besuchen, werden auf unserem Webserver tempor\u00e4r sogenannte Nutzungs\u00addaten zu statis\u00adti\u00adschen Zwecken als Protokoll ausge\u00adwertet, um die Qualit\u00e4t unserer Webseiten zu verbessern. Dieser Datensatz besteht aus<\/p>\n<ul>\n<li>dem Namen und der Adresse der angefor\u00adderten Inhalte,<\/li>\n<li>dem Datum und der Uhrzeit der Abfrage,<\/li>\n<li>der \u00fcbertra\u00adgenen Datenmenge,<\/li>\n<li>dem Zugriffs\u00adstatus (Inhalt \u00fcbertragen, Inhalt nicht gefunden),<\/li>\n<li>der Beschreibung des verwen\u00addeten Webbrowsers und des Betriebssystems,<\/li>\n<li>dem Referral-Link, der angibt, von welcher Seite Sie auf unsere gelangt sind,<\/li>\n<li>der IP-Adresse des anfra\u00adgenden Rechners, die so verk\u00fcrzt wird, dass ein Perso\u00adnen\u00adbezug nicht mehr herstellbar ist.<\/li>\n<\/ul>\n<p>Die genannten Proto\u00adkoll\u00addaten werden nur anony\u00admi\u00adsiert ausgewertet.<\/p>\n<p>Rechts\u00adgrundlage der Verar\u00adbeitung der Nutzungs\u00addaten ist&nbsp;Art.&nbsp;6 Abs.&nbsp;1 S.&nbsp;1 lit.&nbsp;f DSGVO. Die Verar\u00adbeitung erfolgt in dem berech\u00adtigten Interesse, die Inhalte der Webseite&nbsp;bereit\u00adzu\u00adstellen und eine Ger\u00e4te- sowie Browser\u00adop\u00adti\u00admierte Darstellung&nbsp;sicherzustellen.<\/p>\n<h3>Datensicherheit<\/h3>\n<p>Um Ihre Daten vor unerw\u00fcnschten Zugriffen m\u00f6glichst umfassend zu sch\u00fctzen, treffen wir technische und organi\u00adsa\u00adto\u00adrische Ma\u00dfnahmen. Wir setzen auf unseren Webseiten ein Verschl\u00fcs\u00adse\u00adlungs\u00adver\u00adfahren ein. Ihre Angaben werden von Ihrem Rechner zu unserem Server und umgekehrt \u00fcber das Internet mittels einer TLS-Verschl\u00fcs\u00adselung \u00fcbertragen. Sie erkennen dies in der Regel daran, dass in der Status\u00adleiste Ihres Browsers das Schloss-Symbol geschlossen ist und die Adress\u00adzeile mit https:\/\/ beginnt.<\/p>\n<h3>Erforderliche Cookies<\/h3>\n<p>Auf unseren Webseiten setzen wir Cookies ein, die zur Nutzung unserer Webseiten erfor\u00adderlich sind.<\/p>\n<p>Cookies sind kleine Textda\u00adteien, die auf Ihrem Endger\u00e4t gespei\u00adchert und ausge\u00adlesen werden k\u00f6nnen. Man unter\u00adscheidet zwischen Session-Cookies, die wieder gel\u00f6scht werden, sobald Sie ihren Browser schlie\u00dfen und perma\u00adnenten Cookies, die \u00fcber die einzelne Sitzung hinaus gespei\u00adchert werden.<\/p>\n<p>Wir nutzen diese erfor\u00adder\u00adlichen Cookies nicht f\u00fcr Analyse-, Tracking- oder Werbezwecke.<\/p>\n<p>Teilweise enthalten diese Cookies lediglich Infor\u00adma\u00adtionen zu bestimmten Einstel\u00adlungen und sind nicht perso\u00adnen\u00adbe\u00adziehbar. Sie k\u00f6nnen auch notwendig sein, um die Benut\u00adzer\u00adf\u00fchrung, Sicherheit und Umsetzung der Seite zu erm\u00f6glichen.<\/p>\n<p>Wir nutzen diese Cookies auf Grundlage unseres berech\u00adtigten Inter\u00adesses nach Art. 6 Abs. 1 S. 1 lit. f&nbsp;DSGVO.<\/p>\n<p>Sie k\u00f6nnen Ihren Browser so einstellen, dass er Sie \u00fcber die Platzierung von Cookies infor\u00admiert. &nbsp;Zudem k\u00f6nnen Sie diese jederzeit \u00fcber die entspre\u00adchende Browser\u00adein\u00adstellung l\u00f6schen und das Setzen neuer Cookies verhindern. Bitte beachten Sie, dass unsere Webseiten dann gegebe\u00adnen\u00adfalls nicht vollst\u00e4ndig angezeigt werden k\u00f6nnen und einige Funktionen technisch nicht mehr zur Verf\u00fcgung stehen.<\/p>\n<table>\n<tbody>\n<tr>\n<td><strong>Name<\/strong><\/td>\n<td><strong>Zweck<\/strong><\/td>\n<td><strong>Speicher\u00addauer<\/strong><\/td>\n<\/tr>\n<tr>\n<td>\u200bwpEmo\u00adji\u00adSet\u00adtings\u00adSup\u00adports\n<p>&nbsp;<\/p><\/td>\n<td>\u200bHosting<\/td>\n<td>\u200b<\/td>\n<\/tr>\n<tr>\n<td>resolution<\/td>\n<td>Speichert die Bildschirm\u00adauf\u00adl\u00f6sung des Nutzers, um die korrekte Darstellung der Website sicherzustellen.<\/td>\n<td><\/td>\n<\/tr>\n<\/tbody>\n<\/table>\n<h3>Einwilligungsbanner<\/h3>\n<p>Auf unseren Webseiten nutzen wir eine Consent-Management-Plattform (Einwil\u00adli\u00adgungs- bzw. Cookie-Banner). Die Verar\u00adbei\u00adtungen im Zusam\u00admenhang mit dem Einsatz der Consent-Management-Plattform sowie der Proto\u00adkol\u00adlierung der von Ihnen vorge\u00adnom\u00admenen Einstel\u00adlungen erfolgt auf Grundlage von Art. 6 Abs. 1 S. 1 lit. f DSGVO, in unserem berech\u00adtigten Interesse unsere Inhalte entspre\u00adchend Ihrer Pr\u00e4fe\u00adrenzen auszu\u00adspielen und Ihre erteilte(n) Einwilligung(en) nachweisen zu k\u00f6nnen.&nbsp; Ihre vorge\u00adnom\u00admenen Einstel\u00adlungen, die damit erteilten Einwil\u00adli\u00adgungen sowie Teile Ihrer Nutzungs\u00addaten werden in einem Cookie gespei\u00adchert. Damit bleibt dieser f\u00fcr nachfol\u00adgende Seiten\u00adan\u00adfragen erhalten und Ihre Einwil\u00adli\u00adgungen k\u00f6nnen weiterhin nachvoll\u00adzogen werden.&nbsp;Weitere Infor\u00adma\u00adtionen finden Sie hierzu unter dem Gliede\u00adrungs\u00adpunkt \u201eerfor\u00adder\u00adliche Cookies\u201c.<\/p>\n<p>Der Anbieter der Consent-Management-Plattform ist f\u00fcr uns als streng weisungs\u00adge\u00adbun\u00addenen Dienst\u00adleister (Auftrags\u00adver\u00adar\u00adbeiter) t\u00e4tig. Ein Auftrags\u00adver\u00adar\u00adbei\u00adtungs\u00advertrag gem. Art. 28 DSGVO wurde vereinbart.&nbsp;<\/p>\n<h3>Speicherdauer<\/h3>\n<p>Sofern wir nicht im Einzelnen bereits \u00fcber die Speicher\u00addauer infor\u00admiert haben, l\u00f6schen wir perso\u00adnen\u00adbe\u00adzogene Daten, wenn sie f\u00fcr die vorge\u00adnannten Verar\u00adbei\u00adtungs\u00adzwecke nicht mehr erfor\u00adderlich sind und keine berech\u00adtigten Inter\u00adessen oder andere (gesetz\u00adliche) Aufbe\u00adwah\u00adrungs\u00adgr\u00fcnde einer L\u00f6schung entgegenstehen.<\/p>\n<h3>Ihre Rechte als betroffene Person<\/h3>\n<p>Bei der Verar\u00adbeitung Ihrer perso\u00adnen\u00adbe\u00adzo\u00adgenen Daten gew\u00e4hrt die DSGVO Ihnen als betroffene Person bestimmte Rechte:<\/p>\n<p><em>Auskunfts\u00adrecht (Art. 15&nbsp;DSGVO)<\/em><\/p>\n<p>Sie haben das Recht eine Best\u00e4\u00adtigung dar\u00fcber zu verlangen, ob Sie betref\u00adfende perso\u00adnen\u00adbe\u00adzogene Daten verar\u00adbeitet werden; ist dies der Fall, so haben Sie ein Recht auf Auskunft \u00fcber diese perso\u00adnen\u00adbe\u00adzo\u00adgenen Daten und auf die in Art. 15 DSGVO im Einzelnen aufge\u00adf\u00fchrten Informationen.<\/p>\n<p><em>Recht auf Berich\u00adtigung (Art. 16&nbsp;DSGVO)<\/em><\/p>\n<p>Sie haben das Recht, unver\u00adz\u00fcglich die Berich\u00adtigung Sie betref\u00adfender unrich\u00adtiger perso\u00adnen\u00adbe\u00adzo\u00adgener Daten und ggf. die Vervoll\u00adst\u00e4n\u00addigung unvoll\u00adst\u00e4n\u00addiger Daten zu verlangen.<\/p>\n<p><em>Recht auf L\u00f6schung (Art. 17&nbsp;DSGVO)<\/em><\/p>\n<p>Sie haben das Recht, zu verlangen, dass Sie betref\u00adfende perso\u00adnen\u00adbe\u00adzogene Daten unver\u00adz\u00fcglich gel\u00f6scht werden, sofern einer der in Art. 17 DSGVO im Einzelnen aufge\u00adf\u00fchrten Gr\u00fcnde zutrifft.<\/p>\n<p><em>Recht auf Einschr\u00e4nkung der Verar\u00adbeitung (Art. 18&nbsp;DSGVO)<\/em><\/p>\n<p>Sie haben das Recht, die Einschr\u00e4nkung der Verar\u00adbeitung zu verlangen, wenn eine der in Art. 18 DSGVO aufge\u00adf\u00fchrten Voraus\u00adset\u00adzungen gegeben ist, z. B. wenn Sie Wider\u00adspruch gegen die Verar\u00adbeitung eingelegt haben, f\u00fcr die Dauer der Pr\u00fcfung durch den Verantwortlichen.<\/p>\n<p><em>Recht auf Daten\u00ad\u00fcber\u00adtrag\u00adbarkeit (Art. 20&nbsp;DSGVO)<\/em><\/p>\n<p>In bestimmten F\u00e4llen, die in Art. 20 DSGVO im Einzelnen aufge\u00adf\u00fchrt sind, haben Sie das Recht, die Sie betref\u00adfenden perso\u00adnen\u00adbe\u00adzo\u00adgenen Daten in einem struk\u00adtu\u00adrierten, g\u00e4ngigen und maschi\u00adnen\u00adles\u00adbaren Format zu erhalten bzw. die \u00dcbermittlung dieser Daten an einen Dritten zu verlangen.<\/p>\n<p><em>Wider\u00adrufs\u00adrecht (Art. 7&nbsp;DSGVO)<\/em><\/p>\n<p>Sofern die Verar\u00adbeitung von Daten auf Grundlage Ihrer Einwil\u00adligung erfolgt, sind Sie nach Art. 7 Abs. 3 DSGVO berechtigt, die Einwil\u00adligung in die Verwendung Ihrer perso\u00adnen\u00adbe\u00adzo\u00adgenen Daten jederzeit zu wider\u00adrufen. Bitte beachten Sie, dass der Widerruf erst f\u00fcr die Zukunft wirkt. Verar\u00adbei\u00adtungen, die vor dem Widerruf erfolgt sind, sind davon nicht betroffen.<\/p>\n<p><em>Wider\u00adspruchs\u00adrecht (Art. 21&nbsp;DSGVO)<\/em><\/p>\n<p>Werden Daten auf Grundlage von Art. 6 Abs. 1 S. 1 lit. f DSGVO (Daten\u00adver\u00adar\u00adbeitung zur Wahrung berech\u00adtigter Inter\u00adessen) oder auf Grundlage von Art. 6 Abs. 1 S. 1 lit. e DSGVO (Daten\u00adver\u00adar\u00adbeitung zur Wahrung \u00f6ffent\u00adlichen Interesse oder in Aus\u00fcbung \u00f6ffent\u00adlicher Gewalt) erhoben, steht Ihnen das Recht zu, aus Gr\u00fcnden, die sich aus Ihrer beson\u00adderen Situation ergeben, jederzeit gegen die Verar\u00adbeitung Wider\u00adspruch einzu\u00adlegen. Wir verar\u00adbeiten die perso\u00adnen\u00adbe\u00adzo\u00adgenen Daten dann nicht mehr, es sei denn, es liegen nachweisbar zwingende schutz\u00adw\u00fcrdige Gr\u00fcnde f\u00fcr die Verar\u00adbeitung vor, die gegen\u00fcber Ihren Inter\u00adessen, Rechten und Freiheiten \u00fcberwiegen, oder die Verar\u00adbeitung dient der Geltend\u00adma\u00adchung, Aus\u00fcbung oder Vertei\u00addigung von Rechtsanspr\u00fcchen.<\/p>\n<p><em>Beschwer\u00adde\u00adrecht bei einer Aufsichts\u00adbe\u00adh\u00f6rde (Art. 77&nbsp;DSGVO)<\/em><\/p>\n<p>Sie haben gem. Art. 77 DSGVO das Recht auf Beschwerde bei einer Aufsichts\u00adbe\u00adh\u00f6rde, wenn Sie der Ansicht sind, dass die Verar\u00adbeitung der Sie betref\u00adfenden Daten gegen daten\u00adschutz\u00adrecht\u00adliche Bestim\u00admungen verst\u00f6\u00dft. Das Beschwer\u00adde\u00adrecht kann insbe\u00adsondere bei einer Aufsichts\u00adbe\u00adh\u00f6rde in dem Mitglied\u00adstaat Ihres gew\u00f6hn\u00adlichen Aufent\u00adhaltsorts, Ihres Arbeits\u00adplatzes oder des Orts des mutma\u00df\u00adlichen Versto\u00dfes geltend gemacht werden.<\/p>\n<p><em>Geltend\u00adma\u00adchung Ihrer Rechte<\/em><\/p>\n<p>Sofern vorstehend nichts anderes beschrieben wurde, wenden Sie sich zur Geltend\u00adma\u00adchung Ihrer Betrof\u00adfe\u00adnen\u00adrechte bitte an die im Impressum&nbsp;genannte Stelle.<\/p>\n<h3>Kontaktdaten des Datenschutzbeauftragten<\/h3>\n<p>Unser externer Daten\u00adschutz\u00adbe\u00adauf\u00adtragter steht Ihnen gerne f\u00fcr Ausk\u00fcnfte zum Thema Daten\u00adschutz unter folgenden Kontakt\u00addaten zur Verf\u00fcgung:<\/p>\n<p>daten\u00adschutz nord&nbsp;GmbH<br>\nSechs\u00adlings\u00adpforte 2<br>\n22087 Hamburg<br>\nWeb:&nbsp;<a href=\"https:\/\/www.dsn-group.de\/\">https:\/\/www.dsn-group.de\/<\/a><br>\nE-Mail:&nbsp;<a href=\"mailto:office@datenschutz-nord.de\">office@datenschutz-nord.de<\/a><\/p>\n<p>Wenn Sie sich an unseren Daten\u00adschutz\u00adbe\u00adauf\u00adtragten wenden, geben Sie hierbei bitte auch die verant\u00adwort\u00adliche Stelle an, die im&nbsp;Impressum&nbsp;genannt wird.[\/vc_column_text][\/vc_column][vc_column width=\u201e1\/3\u201c][\/vc_column][\/vc_row]<\/p>\n<\/div>","protected":false},"excerpt":{"rendered":"<p>[vc_row columns_gap=\u201e60\u201c][vc_column width=\u201e2\/3\u201c][vc_column_text css=\u201e\u201c]Wir freuen uns \u00fcber Ihren Besuch auf unserer Webseite. Nachfolgend m\u00f6chten wir Sie \u00fcber den Umgang mit Ihren Daten gem. Art. 13 Daten\u00ad\u00ad\u00adschutz-Grund\u00ad\u00adver\u00ad\u00ad\u00adordnung (DSGVO) infor\u00admieren. Verant\u00adwort\u00adlicher Verant\u00adwortlich f\u00fcr die nachfolgend darge\u00adstellten Daten\u00adver\u00adar\u00adbei\u00adtungen ist die im Impressum genannte Stelle. Nutzungs\u00addaten Wenn Sie unsere Webseiten besuchen, werden auf unserem Webserver tempor\u00e4r sogenannte Nutzungs\u00addaten&nbsp;zu&nbsp;[\u2026]<\/p>\n","protected":false},"author":1,"featured_media":0,"parent":0,"menu_order":0,"comment_status":"closed","ping_status":"open","template":"","meta":{"wp_typography_post_enhancements_disabled":false,"footnotes":""},"class_list":["post-1595","page","type-page","status-publish","hentry"],"yoast_head":"<!-- This site is optimized with the Yoast SEO plugin v27.5 - https:\/\/yoast.com\/product\/yoast-seo-wordpress\/ -->\n<title>Privacy Notice &#8211; Kreisler Frankfurt<\/title>\n<meta name=\"robots\" content=\"index, follow, max-snippet:-1, max-image-preview:large, max-video-preview:-1\" \/>\n<link rel=\"canonical\" href=\"https:\/\/kreislerfrankfurt.de\/en\/privacy-notice\/\" \/>\n<meta property=\"og:locale\" content=\"en_US\" \/>\n<meta property=\"og:type\" content=\"article\" \/>\n<meta property=\"og:title\" content=\"Privacy Notice &#8211; Kreisler Frankfurt\" \/>\n<meta property=\"og:description\" content=\"[vc_row columns_gap=\u201e60\u201c][vc_column width=\u201e2\/3\u201c][vc_column_text css=\u201e\u201c]Wir freuen uns \u00fcber Ihren Besuch auf unserer Webseite. Nachfolgend m\u00f6chten wir Sie \u00fcber den Umgang mit Ihren Daten gem. Art. 13 Daten\u00adschutz-Grund\u00adver\u00adordnung (DSGVO) informieren. Verantwortlicher Verant\u00adwortlich f\u00fcr die nachfolgend darge\u00adstellten Daten\u00adver\u00adar\u00adbei\u00adtungen ist die im Impressum genannte Stelle. Nutzungsdaten Wenn Sie unsere Webseiten besuchen, werden auf unserem Webserver tempor\u00e4r sogenannte Nutzungs\u00addaten zu [&hellip;]\" \/>\n<meta property=\"og:url\" content=\"https:\/\/kreislerfrankfurt.de\/en\/privacy-notice\/\" \/>\n<meta property=\"og:site_name\" content=\"Kreisler Frankfurt\" \/>\n<meta property=\"article:modified_time\" content=\"2026-05-11T10:53:28+00:00\" \/>\n<meta name=\"twitter:card\" content=\"summary_large_image\" \/>\n<meta name=\"twitter:label1\" content=\"Est. reading time\" \/>\n\t<meta name=\"twitter:data1\" content=\"7 minutes\" \/>\n<script type=\"application\/ld+json\" class=\"yoast-schema-graph\">{\"@context\":\"https:\\\/\\\/schema.org\",\"@graph\":[{\"@type\":\"WebPage\",\"@id\":\"https:\\\/\\\/kreislerfrankfurt.de\\\/en\\\/privacy-notice\\\/\",\"url\":\"https:\\\/\\\/kreislerfrankfurt.de\\\/en\\\/privacy-notice\\\/\",\"name\":\"Privacy Notice &#8211; Kreisler Frankfurt\",\"isPartOf\":{\"@id\":\"https:\\\/\\\/kreislerfrankfurt.de\\\/#website\"},\"datePublished\":\"2020-09-15T07:21:04+00:00\",\"dateModified\":\"2026-05-11T10:53:28+00:00\",\"breadcrumb\":{\"@id\":\"https:\\\/\\\/kreislerfrankfurt.de\\\/en\\\/privacy-notice\\\/#breadcrumb\"},\"inLanguage\":\"en-US\",\"potentialAction\":[{\"@type\":\"ReadAction\",\"target\":[\"https:\\\/\\\/kreislerfrankfurt.de\\\/en\\\/privacy-notice\\\/\"]}]},{\"@type\":\"BreadcrumbList\",\"@id\":\"https:\\\/\\\/kreislerfrankfurt.de\\\/en\\\/privacy-notice\\\/#breadcrumb\",\"itemListElement\":[{\"@type\":\"ListItem\",\"position\":1,\"name\":\"Startseite\",\"item\":\"https:\\\/\\\/kreislerfrankfurt.de\\\/en\\\/\"},{\"@type\":\"ListItem\",\"position\":2,\"name\":\"Privacy Notice\"}]},{\"@type\":\"WebSite\",\"@id\":\"https:\\\/\\\/kreislerfrankfurt.de\\\/#website\",\"url\":\"https:\\\/\\\/kreislerfrankfurt.de\\\/\",\"name\":\"Kreisler Frankfurt\",\"description\":\"im Strom der Zeit\",\"publisher\":{\"@id\":\"https:\\\/\\\/kreislerfrankfurt.de\\\/#organization\"},\"potentialAction\":[{\"@type\":\"SearchAction\",\"target\":{\"@type\":\"EntryPoint\",\"urlTemplate\":\"https:\\\/\\\/kreislerfrankfurt.de\\\/?s={search_term_string}\"},\"query-input\":{\"@type\":\"PropertyValueSpecification\",\"valueRequired\":true,\"valueName\":\"search_term_string\"}}],\"inLanguage\":\"en-US\"},{\"@type\":\"Organization\",\"@id\":\"https:\\\/\\\/kreislerfrankfurt.de\\\/#organization\",\"name\":\"QUEST Investment Partners\",\"url\":\"https:\\\/\\\/kreislerfrankfurt.de\\\/\",\"logo\":{\"@type\":\"ImageObject\",\"inLanguage\":\"en-US\",\"@id\":\"https:\\\/\\\/kreislerfrankfurt.de\\\/#\\\/schema\\\/logo\\\/image\\\/\",\"url\":\"https:\\\/\\\/kreislerfrankfurt.de\\\/wp-content\\\/uploads\\\/2020\\\/09\\\/KREISLER_1c.svg\",\"contentUrl\":\"https:\\\/\\\/kreislerfrankfurt.de\\\/wp-content\\\/uploads\\\/2020\\\/09\\\/KREISLER_1c.svg\",\"width\":430,\"height\":36,\"caption\":\"QUEST Investment Partners\"},\"image\":{\"@id\":\"https:\\\/\\\/kreislerfrankfurt.de\\\/#\\\/schema\\\/logo\\\/image\\\/\"}}]}<\/script>\n<!-- \/ Yoast SEO plugin. -->","yoast_head_json":{"title":"Privacy Notice &#8211; Kreisler Frankfurt","robots":{"index":"index","follow":"follow","max-snippet":"max-snippet:-1","max-image-preview":"max-image-preview:large","max-video-preview":"max-video-preview:-1"},"canonical":"https:\/\/kreislerfrankfurt.de\/en\/privacy-notice\/","og_locale":"en_US","og_type":"article","og_title":"Privacy Notice &#8211; Kreisler Frankfurt","og_description":"[vc_row columns_gap=\u201e60\u201c][vc_column width=\u201e2\/3\u201c][vc_column_text css=\u201e\u201c]Wir freuen uns \u00fcber Ihren Besuch auf unserer Webseite. Nachfolgend m\u00f6chten wir Sie \u00fcber den Umgang mit Ihren Daten gem. Art. 13 Daten\u00adschutz-Grund\u00adver\u00adordnung (DSGVO) informieren. Verantwortlicher Verant\u00adwortlich f\u00fcr die nachfolgend darge\u00adstellten Daten\u00adver\u00adar\u00adbei\u00adtungen ist die im Impressum genannte Stelle. Nutzungsdaten Wenn Sie unsere Webseiten besuchen, werden auf unserem Webserver tempor\u00e4r sogenannte Nutzungs\u00addaten zu [&hellip;]","og_url":"https:\/\/kreislerfrankfurt.de\/en\/privacy-notice\/","og_site_name":"Kreisler Frankfurt","article_modified_time":"2026-05-11T10:53:28+00:00","twitter_card":"summary_large_image","twitter_misc":{"Est. reading time":"7 minutes"},"schema":{"@context":"https:\/\/schema.org","@graph":[{"@type":"WebPage","@id":"https:\/\/kreislerfrankfurt.de\/en\/privacy-notice\/","url":"https:\/\/kreislerfrankfurt.de\/en\/privacy-notice\/","name":"Privacy Notice &#8211; Kreisler Frankfurt","isPartOf":{"@id":"https:\/\/kreislerfrankfurt.de\/#website"},"datePublished":"2020-09-15T07:21:04+00:00","dateModified":"2026-05-11T10:53:28+00:00","breadcrumb":{"@id":"https:\/\/kreislerfrankfurt.de\/en\/privacy-notice\/#breadcrumb"},"inLanguage":"en-US","potentialAction":[{"@type":"ReadAction","target":["https:\/\/kreislerfrankfurt.de\/en\/privacy-notice\/"]}]},{"@type":"BreadcrumbList","@id":"https:\/\/kreislerfrankfurt.de\/en\/privacy-notice\/#breadcrumb","itemListElement":[{"@type":"ListItem","position":1,"name":"Startseite","item":"https:\/\/kreislerfrankfurt.de\/en\/"},{"@type":"ListItem","position":2,"name":"Privacy Notice"}]},{"@type":"WebSite","@id":"https:\/\/kreislerfrankfurt.de\/#website","url":"https:\/\/kreislerfrankfurt.de\/","name":"Kreisler Frankfurt","description":"im Strom der Zeit","publisher":{"@id":"https:\/\/kreislerfrankfurt.de\/#organization"},"potentialAction":[{"@type":"SearchAction","target":{"@type":"EntryPoint","urlTemplate":"https:\/\/kreislerfrankfurt.de\/?s={search_term_string}"},"query-input":{"@type":"PropertyValueSpecification","valueRequired":true,"valueName":"search_term_string"}}],"inLanguage":"en-US"},{"@type":"Organization","@id":"https:\/\/kreislerfrankfurt.de\/#organization","name":"QUEST Investment Partners","url":"https:\/\/kreislerfrankfurt.de\/","logo":{"@type":"ImageObject","inLanguage":"en-US","@id":"https:\/\/kreislerfrankfurt.de\/#\/schema\/logo\/image\/","url":"https:\/\/kreislerfrankfurt.de\/wp-content\/uploads\/2020\/09\/KREISLER_1c.svg","contentUrl":"https:\/\/kreislerfrankfurt.de\/wp-content\/uploads\/2020\/09\/KREISLER_1c.svg","width":430,"height":36,"caption":"QUEST Investment Partners"},"image":{"@id":"https:\/\/kreislerfrankfurt.de\/#\/schema\/logo\/image\/"}}]}},"_links":{"self":[{"href":"https:\/\/kreislerfrankfurt.de\/en\/wp-json\/wp\/v2\/pages\/1595","targetHints":{"allow":["GET"]}}],"collection":[{"href":"https:\/\/kreislerfrankfurt.de\/en\/wp-json\/wp\/v2\/pages"}],"about":[{"href":"https:\/\/kreislerfrankfurt.de\/en\/wp-json\/wp\/v2\/types\/page"}],"author":[{"embeddable":true,"href":"https:\/\/kreislerfrankfurt.de\/en\/wp-json\/wp\/v2\/users\/1"}],"replies":[{"embeddable":true,"href":"https:\/\/kreislerfrankfurt.de\/en\/wp-json\/wp\/v2\/comments?post=1595"}],"version-history":[{"count":1,"href":"https:\/\/kreislerfrankfurt.de\/en\/wp-json\/wp\/v2\/pages\/1595\/revisions"}],"predecessor-version":[{"id":1596,"href":"https:\/\/kreislerfrankfurt.de\/en\/wp-json\/wp\/v2\/pages\/1595\/revisions\/1596"}],"wp:attachment":[{"href":"https:\/\/kreislerfrankfurt.de\/en\/wp-json\/wp\/v2\/media?parent=1595"}],"curies":[{"name":"wp","href":"https:\/\/api.w.org\/{rel}","templated":true}]}}